{"id":9785,"date":"2025-05-28T21:28:51","date_gmt":"2025-05-28T19:28:51","guid":{"rendered":"https:\/\/carpediem.lu\/?page_id=9785"},"modified":"2025-05-28T21:30:03","modified_gmt":"2025-05-28T19:30:03","slug":"greek-travel-words-phrases","status":"publish","type":"page","link":"https:\/\/carpediem.lu\/fr\/greek-travel-words-phrases\/","title":{"rendered":"Mots et phrases de voyage en grec"},"content":{"rendered":"<table width=\"90%\">\n<thead>\n<tr>\n<th>Mot grec<\/th>\n<th>Prononciation<\/th>\n<th>Signification en anglais<\/th>\n<\/tr>\n<\/thead>\n<tbody>\n<tr>\n<td><strong>Kalimera<\/strong><\/td>\n<td>kah-lee-MEH-rah<\/td>\n<td>Bonjour<\/td>\n<\/tr>\n<tr>\n<td><strong>Kalispera<\/strong><\/td>\n<td>kah-lees-PEH-rah<\/td>\n<td>Bonsoir \u00e0 tous<\/td>\n<\/tr>\n<tr>\n<td><strong>Efharist\u00f3<\/strong><\/td>\n<td>ef-hah-rees-TOH<\/td>\n<td>Merci de votre attention.<\/td>\n<\/tr>\n<tr>\n<td><strong>Parakal\u00f3<\/strong><\/td>\n<td>pah-rah-kah-LOH<\/td>\n<td>S'il vous pla\u00eet \/ De rien<\/td>\n<\/tr>\n<tr>\n<td><strong>Yia sou<\/strong><\/td>\n<td>YAH-soo<\/td>\n<td>Bonjour \/ Hi (informel)<\/td>\n<\/tr>\n<tr>\n<td><strong>Yia sas<\/strong><\/td>\n<td>YAH-sahs<\/td>\n<td>Bonjour (formel\/pluriel)<\/td>\n<\/tr>\n<tr>\n<td><strong>Nai<\/strong><\/td>\n<td>neh<\/td>\n<td>Oui<\/td>\n<\/tr>\n<tr>\n<td><strong>Ochi<\/strong><\/td>\n<td>OH-hee<\/td>\n<td>Non<\/td>\n<\/tr>\n<tr>\n<td><strong>Ner\u00f3<\/strong><\/td>\n<td>neh-ROH<\/td>\n<td>L'eau<\/td>\n<\/tr>\n<tr>\n<td><strong>Logariasm\u00f3s<\/strong><\/td>\n<td>loh-gah-ree-as-MOS<\/td>\n<td>Facture \/ ch\u00e8que (restaurant)<\/td>\n<\/tr>\n<tr>\n<td><strong>Toal\u00e9ta<\/strong><\/td>\n<td>toh-ah-LEH-tah<\/td>\n<td>Toilettes<\/td>\n<\/tr>\n<tr>\n<td><strong>Kaf\u00e9<\/strong><\/td>\n<td>kah-FEH<\/td>\n<td>Caf\u00e9<\/td>\n<\/tr>\n<tr>\n<td><strong>Krasi<\/strong><\/td>\n<td>krah-SEE<\/td>\n<td>Le vin<\/td>\n<\/tr>\n<tr>\n<td><strong>Psom\u00ed<\/strong><\/td>\n<td>pso-MEE<\/td>\n<td>Pain<\/td>\n<\/tr>\n<tr>\n<td><strong>Taverne<\/strong><\/td>\n<td>tah-VER-nah<\/td>\n<td>Taverne \/ Petit restaurant<\/td>\n<\/tr>\n<tr>\n<td><strong>Fourn\u00f3s<\/strong><\/td>\n<td>foor-NOHS<\/td>\n<td>Boulangerie<\/td>\n<\/tr>\n<tr>\n<td><strong>Pharmake\u00edo<\/strong><\/td>\n<td>far-mah-KEE-oh<\/td>\n<td>Pharmacie<\/td>\n<\/tr>\n<tr>\n<td><strong>Astinom\u00eda<\/strong><\/td>\n<td>ah-stee-noh-MEE-ah<\/td>\n<td>Police<\/td>\n<\/tr>\n<tr>\n<td><strong>Paralysie<\/strong><\/td>\n<td>pah-rah-LEE-ah<\/td>\n<td>Plage<\/td>\n<\/tr>\n<tr>\n<td><strong>A\u00e9rodrome<\/strong><\/td>\n<td>ah-eh-roh-DRO-mee-oh<\/td>\n<td>A\u00e9roport<\/td>\n<\/tr>\n<\/tbody>\n<\/table>","protected":false},"excerpt":{"rendered":"<p>Mot grec Prononciation Sens anglais Kalimera kah-lee-MEH-rah Bonjour Kalispera kah-lees-PEH-rah Bonsoir Efharist\u00f3 ef-hah-rees-TOH Merci Parakal\u00f3 pah-rah-kah-LOH S'il vous pla\u00eet \/ De rien Yia sou YAH-soo<a class=\"moretag\" href=\"https:\/\/carpediem.lu\/fr\/greek-travel-words-phrases\/\">...<\/a><\/p>","protected":false},"author":1,"featured_media":0,"parent":0,"menu_order":0,"comment_status":"closed","ping_status":"closed","template":"page-right-sidebar.php","meta":{"_monsterinsights_skip_tracking":false,"_monsterinsights_sitenote_active":false,"_monsterinsights_sitenote_note":"","_monsterinsights_sitenote_category":0,"footnotes":""},"class_list":["post-9785","page","type-page","status-publish","hentry"],"_links":{"self":[{"href":"https:\/\/carpediem.lu\/fr\/wp-json\/wp\/v2\/pages\/9785","targetHints":{"allow":["GET"]}}],"collection":[{"href":"https:\/\/carpediem.lu\/fr\/wp-json\/wp\/v2\/pages"}],"about":[{"href":"https:\/\/carpediem.lu\/fr\/wp-json\/wp\/v2\/types\/page"}],"author":[{"embeddable":true,"href":"https:\/\/carpediem.lu\/fr\/wp-json\/wp\/v2\/users\/1"}],"replies":[{"embeddable":true,"href":"https:\/\/carpediem.lu\/fr\/wp-json\/wp\/v2\/comments?post=9785"}],"version-history":[{"count":3,"href":"https:\/\/carpediem.lu\/fr\/wp-json\/wp\/v2\/pages\/9785\/revisions"}],"predecessor-version":[{"id":9788,"href":"https:\/\/carpediem.lu\/fr\/wp-json\/wp\/v2\/pages\/9785\/revisions\/9788"}],"wp:attachment":[{"href":"https:\/\/carpediem.lu\/fr\/wp-json\/wp\/v2\/media?parent=9785"}],"curies":[{"name":"wp","href":"https:\/\/api.w.org\/{rel}","templated":true}]}}