{"id":3183,"date":"2016-07-08T12:21:43","date_gmt":"2016-07-08T12:21:43","guid":{"rendered":"http:\/\/t1.giacomo.com.ua\/?page_id=3183"},"modified":"2025-06-01T23:19:43","modified_gmt":"2025-06-01T21:19:43","slug":"about","status":"publish","type":"page","link":"https:\/\/carpediem.lu\/fr\/about\/","title":{"rendered":"A propos"},"content":{"rendered":"<div class=\"wp-block-group\">\r\n<div class=\"wp-block-group__inner-container is-layout-flow wp-block-group-is-layout-flow\">\r\n<div class=\"wp-block-image\" style=\"text-align: center;\">\r\n<figure class=\"alignright size-large is-resized\"><img loading=\"lazy\" decoding=\"async\" class=\"alignnone wp-image-9837 size-medium\" src=\"https:\/\/carpediem.lu\/wp-content\/uploads\/2025\/06\/laila_about2-300x300.jpg\" alt=\"\" width=\"300\" height=\"300\" srcset=\"https:\/\/carpediem.lu\/wp-content\/uploads\/2025\/06\/laila_about2-300x300.jpg 300w, https:\/\/carpediem.lu\/wp-content\/uploads\/2025\/06\/laila_about2-150x150.jpg 150w, https:\/\/carpediem.lu\/wp-content\/uploads\/2025\/06\/laila_about2-250x250.jpg 250w, https:\/\/carpediem.lu\/wp-content\/uploads\/2025\/06\/laila_about2.jpg 500w\" sizes=\"auto, (max-width: 300px) 100vw, 300px\" \/>\r\n<figcaption><strong>Laila - Guide de voyage<\/strong><\/figcaption>\r\n<\/figure>\r\n<\/div>\r\n<\/div>\r\n<\/div>\r\n\r\n\r\n\r\n<p><em><strong>Kalimera !<\/strong><\/em><\/p>\r\n<p>Je m'appelle <strong>Laila<\/strong>,et je suis ravie de vous accueillir dans mes aventures sur l'\u00e9poustouflante <strong>\u00cele grecque de Kos<\/strong>. D\u00e8s ma premi\u00e8re visite, Kos m'a captiv\u00e9e par son incroyable m\u00e9lange d'histoire ancienne, de paysages \u00e0 couper le souffle et d'hospitalit\u00e9 in\u00e9gal\u00e9e. Alors que je pr\u00e9voyais initialement une br\u00e8ve escapade, je me suis retrouv\u00e9e irr\u00e9sistiblement attir\u00e9e dans une histoire d'amour profonde et durable avec ce magnifique paradis de la mer \u00c9g\u00e9e.<\/p>\r\n<p>En explorant les charmants villages de l'\u00eele, en d\u00e9gustant la d\u00e9licieuse cuisine locale dans des tavernes familiales et en \u00e9coutant les histoires captivantes des sympathiques habitants, j'ai d\u00e9couvert ma v\u00e9ritable vocation. Ce voyage a fait na\u00eetre en moi la passion d'aider d'autres personnes \u00e0 d\u00e9couvrir Kos non pas comme des touristes ordinaires, mais comme des h\u00f4tes ch\u00e9ris, profond\u00e9ment attach\u00e9s \u00e0 son esprit unique.<\/p>\r\n<p>Au fil des ans, ma volont\u00e9 d'explorer les moindres recoins de Kos m'a conduit \u00e0 des d\u00e9couvertes remarquables : des chapelles cach\u00e9es nich\u00e9es au milieu d'anciennes oliveraies, des march\u00e9s locaux anim\u00e9s, vibrants de produits frais et d'\u00e9pices aromatiques, et des sites arch\u00e9ologiques oubli\u00e9s qui attendent patiemment de partager leurs secrets. Chaque d\u00e9couverte a renforc\u00e9 mon engagement en faveur du tourisme durable, soulignant l'importance de pr\u00e9server le pr\u00e9cieux patrimoine de Kos et son \u00e9tonnante beaut\u00e9 naturelle pour les g\u00e9n\u00e9rations futures.<\/p>\r\n<p>Gr\u00e2ce \u00e0 cette plateforme, je suis ravie de partager le meilleur de ce que Kos a \u00e0 offrir, des merveilles historiques comme les ruines antiques d'Asklepion, o\u00f9 les fondements de la m\u00e9decine moderne ont \u00e9t\u00e9 pos\u00e9s, aux rivages immacul\u00e9s de Paradise Beach. Je vous guiderai \u00e0 travers de d\u00e9licieuses exp\u00e9riences culinaires m\u00e9diterran\u00e9ennes, vous recommanderai des h\u00e9bergements de charme \u00e0 l'hospitalit\u00e9 authentique et vous pr\u00e9senterai des festivals locaux dynamiques qui c\u00e9l\u00e8brent les riches traditions de l'\u00eele.<\/p>\r\n<p>Ensemble, nous ferons l'exp\u00e9rience de Kos de mani\u00e8re authentique et responsable, en cr\u00e9ant des souvenirs inoubliables et des liens durables. Je m'engage \u00e0 faire en sorte que votre voyage sur cette belle \u00eele soit aussi enrichissant et m\u00e9morable que possible.<\/p>\r\n<p>Bienvenue \u00e0 Kos, votre prochaine grande aventure vous attend !<\/p>\r\n<p><em>Je vous prie d'agr\u00e9er, Madame, Monsieur, l'expression de mes salutations distingu\u00e9es,<\/em><\/p>\r\n<p><img loading=\"lazy\" decoding=\"async\" class=\"alignnone wp-image-9682\" src=\"https:\/\/carpediem.lu\/wp-content\/uploads\/2025\/05\/laila_sign-2.png\" alt=\"\" width=\"100\" height=\"45\" \/><\/p>","protected":false},"excerpt":{"rendered":"<p>Kalimera ! Je m'appelle Laila et je suis ravie de vous accueillir dans mes aventures sur l'\u00e9tonnante \u00eele grecque de Kos. D\u00e8s ma premi\u00e8re visite, Kos<a class=\"moretag\" href=\"https:\/\/carpediem.lu\/fr\/about\/\">...<\/a><\/p>","protected":false},"author":1,"featured_media":0,"parent":0,"menu_order":0,"comment_status":"closed","ping_status":"closed","template":"","meta":{"_monsterinsights_skip_tracking":false,"_monsterinsights_sitenote_active":false,"_monsterinsights_sitenote_note":"","_monsterinsights_sitenote_category":0,"footnotes":""},"class_list":["post-3183","page","type-page","status-publish","hentry"],"_links":{"self":[{"href":"https:\/\/carpediem.lu\/fr\/wp-json\/wp\/v2\/pages\/3183","targetHints":{"allow":["GET"]}}],"collection":[{"href":"https:\/\/carpediem.lu\/fr\/wp-json\/wp\/v2\/pages"}],"about":[{"href":"https:\/\/carpediem.lu\/fr\/wp-json\/wp\/v2\/types\/page"}],"author":[{"embeddable":true,"href":"https:\/\/carpediem.lu\/fr\/wp-json\/wp\/v2\/users\/1"}],"replies":[{"embeddable":true,"href":"https:\/\/carpediem.lu\/fr\/wp-json\/wp\/v2\/comments?post=3183"}],"version-history":[{"count":8,"href":"https:\/\/carpediem.lu\/fr\/wp-json\/wp\/v2\/pages\/3183\/revisions"}],"predecessor-version":[{"id":9863,"href":"https:\/\/carpediem.lu\/fr\/wp-json\/wp\/v2\/pages\/3183\/revisions\/9863"}],"wp:attachment":[{"href":"https:\/\/carpediem.lu\/fr\/wp-json\/wp\/v2\/media?parent=3183"}],"curies":[{"name":"wp","href":"https:\/\/api.w.org\/{rel}","templated":true}]}}