{"id":2,"date":"2025-05-24T20:50:45","date_gmt":"2025-05-24T20:50:45","guid":{"rendered":"https:\/\/carpediem.lu\/?page_id=2"},"modified":"2025-05-26T17:02:22","modified_gmt":"2025-05-26T15:02:22","slug":"seize-the-day-moment","status":"publish","type":"page","link":"https:\/\/carpediem.lu\/fr\/seize-the-day-moment\/","title":{"rendered":"Vivre l'instant pr\u00e9sent"},"content":{"rendered":"<p>Le nom <strong>CarpeDiem<\/strong> est plus qu'un titre accrocheur, c'est une philosophie, un \u00e9tat d'esprit et une invitation \u00e0 vivre v\u00e9ritablement l'essence du voyage. D\u00e9riv\u00e9 du latin, Carpe Diem se traduit par \u201c<strong>Saisir la journ\u00e9e<\/strong>\u201d. Mais ici, sur la belle \u00eele de Kos, cela signifie quelque chose d'encore plus sp\u00e9cial : embrasser chaque moment de vos vacances, \u00eatre pr\u00e9sent et laisser l'exp\u00e9rience remplir votre \u00e2me.<\/p>\r\n<p>Voyager, ce n'est pas seulement cocher des lieux sur une liste, c'est sentir le soleil sur son visage en marchant pieds nus sur la plage au lever du soleil, go\u00fbter la douceur du miel local dans un village de montagne ou partager des histoires avec une grand-m\u00e8re grecque dans une taverne tranquille. CarpeDiem - Guide de voyage a \u00e9t\u00e9 cr\u00e9\u00e9 pour vous inciter \u00e0 le faire, \u00e0 profiter non seulement de la journ\u00e9e, mais aussi de chaque moment significatif qui rendra votre voyage inoubliable.<\/p>\r\n<p><img loading=\"lazy\" decoding=\"async\" class=\"size-medium wp-image-9697 aligncenter\" src=\"https:\/\/carpediem.lu\/wp-content\/uploads\/2025\/05\/cd_beach-281x300.jpg\" alt=\"\" width=\"281\" height=\"300\" srcset=\"https:\/\/carpediem.lu\/wp-content\/uploads\/2025\/05\/cd_beach-281x300.jpg 281w, https:\/\/carpediem.lu\/wp-content\/uploads\/2025\/05\/cd_beach-958x1024.jpg 958w, https:\/\/carpediem.lu\/wp-content\/uploads\/2025\/05\/cd_beach-768x821.jpg 768w, https:\/\/carpediem.lu\/wp-content\/uploads\/2025\/05\/cd_beach.jpg 1024w\" sizes=\"auto, (max-width: 281px) 100vw, 281px\" \/><\/p>\r\n<p>Dans l'esprit grec, cette id\u00e9e pourrait \u00eatre exprim\u00e9e comme \u0396\u03ae\u03c3\u03b5 \u03c4\u03b7 \u03a3\u03c4\u03b9\u03b3\u03bc\u03ae (Z\u00edse ti Stigm\u00ed), c'est-\u00e0-dire \u201c<strong>Vivre le moment pr\u00e9sent<\/strong>\u201d. La culture grecque c\u00e9l\u00e8bre la simplicit\u00e9, l'hospitalit\u00e9 et la connexion joyeuse avec la nature et les gens - des valeurs qui s'alignent parfaitement sur l'\u00e9thique de Carpe Diem. Que vous vous baigniez dans les sources thermales de Therma, que vous regardiez le coucher de soleil depuis Zia ou que vous dansiez sous les \u00e9toiles lors d'un festival de plage, chaque seconde devient un souvenir qui vaut la peine d'\u00eatre conserv\u00e9.<\/p>\r\n<p>Ce guide n'est pas seulement une question de lieux. Il est question de sentiments. Il s'agit de ralentir le rythme pour appr\u00e9cier pleinement votre verre de vin, votre premi\u00e8re baignade dans la mer \u00c9g\u00e9e, la brise qui murmure entre les oliviers. Il s'agit de d\u00e9couvrir Kos au-del\u00e0 des sentiers touristiques habituels, \u00e0 travers des histoires, des cultures, des go\u00fbts et des textures qui constituent une riche tapisserie d'exp\u00e9riences.<\/p>\r\n<p>Nous avons choisi le nom CarpeDiem - Guide de voyage pour vous rappeler que le temps pass\u00e9 sur cette \u00eele est un cadeau. Et la meilleure fa\u00e7on d'honorer ce cadeau est de le vivre pleinement, instant apr\u00e8s instant, jour apr\u00e8s jour. Alors, allez-y : faites une pause, respirez, explorez, go\u00fbtez, connectez-vous. C'est votre temps. C'est votre Kos.<\/p>\r\n<p><strong>Saisissez-le. Vivez-le. Aimez-le.<\/strong><br \/><strong>Carpe Diem. \u0396\u03ae\u03c3\u03b5 \u03c4\u03b7 \u03a3\u03c4\u03b9\u03b3\u03bc\u03ae.<\/strong><\/p>","protected":false},"excerpt":{"rendered":"<p>Le nom CarpeDiem est plus qu'un simple titre accrocheur, c'est une philosophie, un \u00e9tat d'esprit et une invitation \u00e0 vivre v\u00e9ritablement l'essence du voyage. D\u00e9riv\u00e9<a class=\"moretag\" href=\"https:\/\/carpediem.lu\/fr\/seize-the-day-moment\/\">...<\/a><\/p>","protected":false},"author":1,"featured_media":0,"parent":0,"menu_order":0,"comment_status":"closed","ping_status":"open","template":"page-right-sidebar.php","meta":{"_monsterinsights_skip_tracking":false,"_monsterinsights_sitenote_active":false,"_monsterinsights_sitenote_note":"","_monsterinsights_sitenote_category":0,"footnotes":""},"class_list":["post-2","page","type-page","status-publish","hentry"],"_links":{"self":[{"href":"https:\/\/carpediem.lu\/fr\/wp-json\/wp\/v2\/pages\/2","targetHints":{"allow":["GET"]}}],"collection":[{"href":"https:\/\/carpediem.lu\/fr\/wp-json\/wp\/v2\/pages"}],"about":[{"href":"https:\/\/carpediem.lu\/fr\/wp-json\/wp\/v2\/types\/page"}],"author":[{"embeddable":true,"href":"https:\/\/carpediem.lu\/fr\/wp-json\/wp\/v2\/users\/1"}],"replies":[{"embeddable":true,"href":"https:\/\/carpediem.lu\/fr\/wp-json\/wp\/v2\/comments?post=2"}],"version-history":[{"count":3,"href":"https:\/\/carpediem.lu\/fr\/wp-json\/wp\/v2\/pages\/2\/revisions"}],"predecessor-version":[{"id":9760,"href":"https:\/\/carpediem.lu\/fr\/wp-json\/wp\/v2\/pages\/2\/revisions\/9760"}],"wp:attachment":[{"href":"https:\/\/carpediem.lu\/fr\/wp-json\/wp\/v2\/media?parent=2"}],"curies":[{"name":"wp","href":"https:\/\/api.w.org\/{rel}","templated":true}]}}