{"id":3183,"date":"2016-07-08T12:21:43","date_gmt":"2016-07-08T12:21:43","guid":{"rendered":"http:\/\/t1.giacomo.com.ua\/?page_id=3183"},"modified":"2025-06-01T23:19:43","modified_gmt":"2025-06-01T21:19:43","slug":"about","status":"publish","type":"page","link":"https:\/\/carpediem.lu\/de\/about\/","title":{"rendered":"\u00dcber"},"content":{"rendered":"<div class=\"wp-block-group\">\r\n<div class=\"wp-block-group__inner-container is-layout-flow wp-block-group-is-layout-flow\">\r\n<div class=\"wp-block-image\" style=\"text-align: center;\">\r\n<figure class=\"alignright size-large is-resized\"><img loading=\"lazy\" decoding=\"async\" class=\"alignnone wp-image-9837 size-medium\" src=\"https:\/\/carpediem.lu\/wp-content\/uploads\/2025\/06\/laila_about2-300x300.jpg\" alt=\"\" width=\"300\" height=\"300\" srcset=\"https:\/\/carpediem.lu\/wp-content\/uploads\/2025\/06\/laila_about2-300x300.jpg 300w, https:\/\/carpediem.lu\/wp-content\/uploads\/2025\/06\/laila_about2-150x150.jpg 150w, https:\/\/carpediem.lu\/wp-content\/uploads\/2025\/06\/laila_about2-250x250.jpg 250w, https:\/\/carpediem.lu\/wp-content\/uploads\/2025\/06\/laila_about2.jpg 500w\" sizes=\"auto, (max-width: 300px) 100vw, 300px\" \/>\r\n<figcaption><strong>Laila - Reisef\u00fchrer<\/strong><\/figcaption>\r\n<\/figure>\r\n<\/div>\r\n<\/div>\r\n<\/div>\r\n\r\n\r\n\r\n<p><em><strong>Kalimera!<\/strong><\/em><\/p>\r\n<p>Mein Name ist <strong>Laila<\/strong>,und ich freue mich, Sie bei meinen Abenteuern auf der atemberaubenden <strong>Griechische Insel Kos<\/strong>. Schon bei meinem ersten Besuch hat mich Kos mit seiner unglaublichen Mischung aus alter Geschichte, atemberaubender Landschaft und unvergleichlicher Gastfreundschaft in seinen Bann gezogen. Urspr\u00fcnglich plante ich nur einen Kurzurlaub, doch dann wurde ich unwiderstehlich in dieses wundersch\u00f6ne \u00c4g\u00e4is-Paradies hineingezogen und es war eine tiefe und dauerhafte Liebesbeziehung.<\/p>\r\n<p>Bei der Erkundung der bezaubernden D\u00f6rfer der Insel, beim Probieren der k\u00f6stlichen lokalen K\u00fcche in familiengef\u00fchrten Tavernen und beim H\u00f6ren der fesselnden Geschichten von freundlichen Einheimischen entdeckte ich meine wahre Berufung. Diese Reise entfachte meine Leidenschaft, anderen dabei zu helfen, Kos nicht nur als typische Touristen zu erleben, sondern als gesch\u00e4tzte G\u00e4ste, die tief mit dem einzigartigen Geist der Insel verbunden sind.<\/p>\r\n<p>Im Laufe der Jahre habe ich durch mein Engagement, jeden Winkel von Kos zu erkunden, bemerkenswerte Entdeckungen gemacht: versteckte Kapellen inmitten alter Olivenhaine, belebte lokale M\u00e4rkte mit frischen Produkten und aromatischen Gew\u00fcrzen und vergessene arch\u00e4ologische St\u00e4tten, die geduldig darauf warten, ihre Geheimnisse zu enth\u00fcllen. Jede Entdeckung best\u00e4rkte mich in meinem Engagement f\u00fcr einen nachhaltigen Tourismus und machte deutlich, wie wichtig es ist, das wertvolle Erbe und die atemberaubende nat\u00fcrliche Sch\u00f6nheit von Kos f\u00fcr k\u00fcnftige Generationen zu bewahren.<\/p>\r\n<p>Ich freue mich darauf, Ihnen auf dieser Plattform das Beste zu zeigen, was Kos zu bieten hat, von historischen Wundern wie den antiken Ruinen von Asklepion, wo die Grundlagen der modernen Medizin gelegt wurden, bis hin zu den unber\u00fchrten Str\u00e4nden von Paradise Beach. Ich f\u00fchre Sie durch k\u00f6stliche mediterrane kulinarische Erlebnisse, empfehle charmante Unterk\u00fcnfte mit authentischer Gastfreundschaft und stelle Ihnen lebhafte lokale Feste vor, die die reichen Traditionen der Insel feiern.<\/p>\r\n<p>Gemeinsam werden wir Kos auf authentische und verantwortungsbewusste Weise erleben und unvergessliche Erinnerungen und dauerhafte Verbindungen schaffen. Ich setze mich daf\u00fcr ein, dass Ihre Reise auf diese wundersch\u00f6ne Insel so bereichernd und unvergesslich wie m\u00f6glich ist.<\/p>\r\n<p>Willkommen auf Kos, Ihr n\u00e4chstes gro\u00dfes Abenteuer wartet schon!<\/p>\r\n<p><em>Mit freundlichen Gr\u00fc\u00dfen,<\/em><\/p>\r\n<p><img loading=\"lazy\" decoding=\"async\" class=\"alignnone wp-image-9682\" src=\"https:\/\/carpediem.lu\/wp-content\/uploads\/2025\/05\/laila_sign-2.png\" alt=\"\" width=\"100\" height=\"45\" \/><\/p>","protected":false},"excerpt":{"rendered":"<p>Kalimera! Mein Name ist Laila, und ich freue mich, Sie bei meinen Abenteuern auf der atemberaubenden griechischen Insel Kos begr\u00fc\u00dfen zu d\u00fcrfen. Seit meinem allerersten Besuch hat Kos<a class=\"moretag\" href=\"https:\/\/carpediem.lu\/de\/about\/\">...<\/a><\/p>","protected":false},"author":1,"featured_media":0,"parent":0,"menu_order":0,"comment_status":"closed","ping_status":"closed","template":"","meta":{"_monsterinsights_skip_tracking":false,"_monsterinsights_sitenote_active":false,"_monsterinsights_sitenote_note":"","_monsterinsights_sitenote_category":0,"footnotes":""},"class_list":["post-3183","page","type-page","status-publish","hentry"],"_links":{"self":[{"href":"https:\/\/carpediem.lu\/de\/wp-json\/wp\/v2\/pages\/3183","targetHints":{"allow":["GET"]}}],"collection":[{"href":"https:\/\/carpediem.lu\/de\/wp-json\/wp\/v2\/pages"}],"about":[{"href":"https:\/\/carpediem.lu\/de\/wp-json\/wp\/v2\/types\/page"}],"author":[{"embeddable":true,"href":"https:\/\/carpediem.lu\/de\/wp-json\/wp\/v2\/users\/1"}],"replies":[{"embeddable":true,"href":"https:\/\/carpediem.lu\/de\/wp-json\/wp\/v2\/comments?post=3183"}],"version-history":[{"count":8,"href":"https:\/\/carpediem.lu\/de\/wp-json\/wp\/v2\/pages\/3183\/revisions"}],"predecessor-version":[{"id":9863,"href":"https:\/\/carpediem.lu\/de\/wp-json\/wp\/v2\/pages\/3183\/revisions\/9863"}],"wp:attachment":[{"href":"https:\/\/carpediem.lu\/de\/wp-json\/wp\/v2\/media?parent=3183"}],"curies":[{"name":"wp","href":"https:\/\/api.w.org\/{rel}","templated":true}]}}