{"id":2,"date":"2025-05-24T20:50:45","date_gmt":"2025-05-24T20:50:45","guid":{"rendered":"https:\/\/carpediem.lu\/?page_id=2"},"modified":"2025-05-26T17:02:22","modified_gmt":"2025-05-26T15:02:22","slug":"seize-the-day-moment","status":"publish","type":"page","link":"https:\/\/carpediem.lu\/de\/seize-the-day-moment\/","title":{"rendered":"Den Moment leben"},"content":{"rendered":"<p>Der Name <strong>CarpeDiem<\/strong> ist mehr als nur ein einpr\u00e4gsamer Titel, es ist eine Philosophie, eine Denkweise und eine Einladung, die Essenz des Reisens wirklich zu leben. Aus dem Lateinischen abgeleitet, bedeutet Carpe Diem \u00fcbersetzt \u201c<strong>Nutze den Tag<\/strong>\u201d. Aber hier auf der wundersch\u00f6nen Insel Kos bedeutet es noch etwas ganz Besonderes: jeden Moment Ihres Urlaubs zu genie\u00dfen, pr\u00e4sent zu sein und die Erfahrung Ihre Seele f\u00fcllen zu lassen.<\/p>\r\n<p>Beim Reisen geht es nicht nur darum, Orte auf einer Liste abzuhaken, sondern auch darum, die Sonne auf dem Gesicht zu sp\u00fcren, wenn man bei Sonnenaufgang barfu\u00df am Strand entlangl\u00e4uft, in einem Bergdorf die S\u00fc\u00dfe des lokalen Honigs zu kosten oder in einer ruhigen Taverne mit einer griechischen Gro\u00dfmutter Geschichten zu erz\u00e4hlen. Der CarpeDiem-Reisef\u00fchrer soll Sie dazu inspirieren, nicht nur den Tag zu genie\u00dfen, sondern auch jeden bedeutungsvollen Moment, der Ihre Reise unvergesslich macht.<\/p>\r\n<p><img loading=\"lazy\" decoding=\"async\" class=\"size-medium wp-image-9697 aligncenter\" src=\"https:\/\/carpediem.lu\/wp-content\/uploads\/2025\/05\/cd_beach-281x300.jpg\" alt=\"\" width=\"281\" height=\"300\" srcset=\"https:\/\/carpediem.lu\/wp-content\/uploads\/2025\/05\/cd_beach-281x300.jpg 281w, https:\/\/carpediem.lu\/wp-content\/uploads\/2025\/05\/cd_beach-958x1024.jpg 958w, https:\/\/carpediem.lu\/wp-content\/uploads\/2025\/05\/cd_beach-768x821.jpg 768w, https:\/\/carpediem.lu\/wp-content\/uploads\/2025\/05\/cd_beach.jpg 1024w\" sizes=\"auto, (max-width: 281px) 100vw, 281px\" \/><\/p>\r\n<p>Im griechischen Geist k\u00f6nnte diese Idee als \u0396\u03ae\u03c3\u03b5 \u03c4\u03b7 \u03a3\u03c4\u03b9\u03b3\u03bc\u03ae (Z\u00edse ti Stigm\u00ed) ausgedr\u00fcckt werden, was \u201c<strong>Den Moment leben<\/strong>\u201d. Die griechische Kultur zelebriert die Einfachheit, die Gastfreundschaft und die freudige Verbundenheit mit der Natur und den Menschen - Werte, die perfekt mit dem Ethos von Carpe Diem \u00fcbereinstimmen. Ob Sie in den Thermalquellen von Therma eintauchen, den Sonnenuntergang von Zia aus beobachten oder bei einem Strandfestival unter den Sternen tanzen, jede Sekunde wird zu einer Erinnerung, die es wert ist, festgehalten zu werden.<\/p>\r\n<p>In diesem F\u00fchrer geht es nicht nur um Orte. Es geht um Gef\u00fchle. Es geht um die Entschleunigung, um Ihr Glas Wein, Ihr erstes Bad in der \u00c4g\u00e4is, die Brise, die durch die Olivenb\u00e4ume fl\u00fcstert, wirklich zu genie\u00dfen. Es geht darum, Kos jenseits der typischen Touristenpfade zu entdecken - durch Geschichten, Kultur, Geschm\u00e4cker und Texturen, die einen reichen Teppich von Erfahrungen bilden.<\/p>\r\n<p>Wir haben den Namen CarpeDiem - Reisef\u00fchrer gew\u00e4hlt, um Sie daran zu erinnern, dass die Zeit auf dieser Insel ein Geschenk ist. Und die beste Art, dieses Geschenk zu w\u00fcrdigen, ist, es voll auszukosten - Moment f\u00fcr Moment, Tag f\u00fcr Tag. Halten Sie also inne, atmen Sie, erkunden Sie, probieren Sie, verbinden Sie sich. Dies ist Ihre Zeit. Dies ist Ihr Kos.<\/p>\r\n<p><strong>Ergreife es. Lebe es. Liebe es.<\/strong><br \/><strong>Carpe Diem. \u0396\u03ae\u03c3\u03b5 \u03c4\u03b7 \u03a3\u03c4\u03b9\u03b3\u03bc\u03ae.<\/strong><\/p>","protected":false},"excerpt":{"rendered":"<p>Der Name CarpeDiem ist mehr als nur ein einpr\u00e4gsamer Titel, er ist eine Philosophie, eine Denkweise und eine Einladung, die Essenz des Reisens wirklich zu leben. Abgeleitet<a class=\"moretag\" href=\"https:\/\/carpediem.lu\/de\/seize-the-day-moment\/\">...<\/a><\/p>","protected":false},"author":1,"featured_media":0,"parent":0,"menu_order":0,"comment_status":"closed","ping_status":"open","template":"page-right-sidebar.php","meta":{"_monsterinsights_skip_tracking":false,"_monsterinsights_sitenote_active":false,"_monsterinsights_sitenote_note":"","_monsterinsights_sitenote_category":0,"footnotes":""},"class_list":["post-2","page","type-page","status-publish","hentry"],"_links":{"self":[{"href":"https:\/\/carpediem.lu\/de\/wp-json\/wp\/v2\/pages\/2","targetHints":{"allow":["GET"]}}],"collection":[{"href":"https:\/\/carpediem.lu\/de\/wp-json\/wp\/v2\/pages"}],"about":[{"href":"https:\/\/carpediem.lu\/de\/wp-json\/wp\/v2\/types\/page"}],"author":[{"embeddable":true,"href":"https:\/\/carpediem.lu\/de\/wp-json\/wp\/v2\/users\/1"}],"replies":[{"embeddable":true,"href":"https:\/\/carpediem.lu\/de\/wp-json\/wp\/v2\/comments?post=2"}],"version-history":[{"count":3,"href":"https:\/\/carpediem.lu\/de\/wp-json\/wp\/v2\/pages\/2\/revisions"}],"predecessor-version":[{"id":9760,"href":"https:\/\/carpediem.lu\/de\/wp-json\/wp\/v2\/pages\/2\/revisions\/9760"}],"wp:attachment":[{"href":"https:\/\/carpediem.lu\/de\/wp-json\/wp\/v2\/media?parent=2"}],"curies":[{"name":"wp","href":"https:\/\/api.w.org\/{rel}","templated":true}]}}